{"id":1997,"date":"2021-03-31T08:01:08","date_gmt":"2021-03-31T14:01:08","guid":{"rendered":"http:\/\/localhost\/Serrai\/?post_type=product&#038;p=1997"},"modified":"2021-03-31T08:09:49","modified_gmt":"2021-03-31T14:09:49","slug":"parrilla-para-maletero","status":"publish","type":"product","link":"http:\/\/serraicr.com\/?product=parrilla-para-maletero","title":{"rendered":"PARRILLA PARA MALETERO"},"content":{"rendered":"<div class=\"woocommerce-product-details__short-description\">\n<p>Herraje para maletero de Pulsar 200NS, fabricado\u00a0con altos est\u00e1ndares de calidad, que garantizan un excelente desempe\u00f1o y durabilidad. Excelente dise\u00f1o con base en HR de color negro.<\/p>\n<p><strong>Ficha t\u00e9cnica:<\/strong><\/p>\n<ul>\n<li>Brazos de la Parrilla: Tuber\u00eda el\u00edptica de 3\/4\u2033 calibre 14.<\/li>\n<li>Base de la Parrilla: Lamina en HR\u00a0de 2.5mm.<\/li>\n<li>Platinas de agarre a chasis: L\u00e1mina hot rolled calibre 3\/16\u2033<\/li>\n<li>Pintura: Electrost\u00e1tica poli\u00e9ster \u00a0color negro.<\/li>\n<li>Soldadura: Mig certificada NTC 2191<\/li>\n<\/ul>\n<\/div>\n","protected":false},"excerpt":{"rendered":"<p>Herraje para maletero de Pulsar 200NS, fabricado con altos est\u00e1ndares de calidad, que garantizan un excelente desempe\u00f1o y durabilidad. Excelente dise\u00f1o con base en HR de color negro.<\/p>\n","protected":false},"featured_media":1998,"template":"","meta":[],"class_list":{"0":"post-1997","1":"product","2":"type-product","3":"status-publish","4":"has-post-thumbnail","6":"product_cat-carroceria","7":"product_cat-motos","8":"product_tag-carroceria","9":"product_tag-maletero","10":"product_tag-motos","12":"first","13":"instock","14":"shipping-taxable","15":"product-type-simple"},"_links":{"self":[{"href":"http:\/\/serraicr.com\/index.php?rest_route=\/wp\/v2\/product\/1997","targetHints":{"allow":["GET"]}}],"collection":[{"href":"http:\/\/serraicr.com\/index.php?rest_route=\/wp\/v2\/product"}],"about":[{"href":"http:\/\/serraicr.com\/index.php?rest_route=\/wp\/v2\/types\/product"}],"wp:featuredmedia":[{"embeddable":true,"href":"http:\/\/serraicr.com\/index.php?rest_route=\/wp\/v2\/media\/1998"}],"wp:attachment":[{"href":"http:\/\/serraicr.com\/index.php?rest_route=%2Fwp%2Fv2%2Fmedia&parent=1997"}],"curies":[{"name":"wp","href":"https:\/\/api.w.org\/{rel}","templated":true}]}}